{"id":833,"date":"2018-01-10T10:48:04","date_gmt":"2018-01-10T10:48:04","guid":{"rendered":"https:\/\/apartments.topline.si\/home\/"},"modified":"2020-03-16T14:39:49","modified_gmt":"2020-03-16T13:39:49","slug":"home","status":"publish","type":"page","link":"https:\/\/apartments.topline.si\/sl\/","title":{"rendered":"Domov"},"content":{"rendered":"<p>[fusion_builder_container hundred_percent=&#8221;no&#8221; hundred_percent_height=&#8221;no&#8221; hundred_percent_height_scroll=&#8221;no&#8221; hundred_percent_height_center_content=&#8221;yes&#8221; equal_height_columns=&#8221;no&#8221; menu_anchor=&#8221;&#8221; hide_on_mobile=&#8221;small-visibility,medium-visibility,large-visibility&#8221; class=&#8221;&#8221; id=&#8221;&#8221; background_color=&#8221;&#8221; background_image=&#8221;&#8221; background_position=&#8221;center center&#8221; background_repeat=&#8221;no-repeat&#8221; fade=&#8221;no&#8221; background_parallax=&#8221;none&#8221; enable_mobile=&#8221;no&#8221; parallax_speed=&#8221;0.3&#8243; video_mp4=&#8221;&#8221; video_webm=&#8221;&#8221; video_ogv=&#8221;&#8221; video_url=&#8221;&#8221; video_aspect_ratio=&#8221;16:9&#8243; video_loop=&#8221;yes&#8221; video_mute=&#8221;yes&#8221; video_preview_image=&#8221;&#8221; border_size=&#8221;&#8221; border_color=&#8221;&#8221; border_style=&#8221;solid&#8221; margin_top=&#8221;&#8221; margin_bottom=&#8221;&#8221; padding_top=&#8221;&#8221; padding_right=&#8221;&#8221; padding_bottom=&#8221;&#8221; padding_left=&#8221;&#8221;][fusion_builder_row][fusion_builder_column type=&#8221;1_1&#8243; layout=&#8221;1_1&#8243; spacing=&#8221;&#8221; center_content=&#8221;no&#8221; link=&#8221;&#8221; target=&#8221;_self&#8221; min_height=&#8221;&#8221; hide_on_mobile=&#8221;small-visibility,medium-visibility,large-visibility&#8221; class=&#8221;&#8221; id=&#8221;&#8221; background_color=&#8221;&#8221; background_image=&#8221;&#8221; background_position=&#8221;left top&#8221; background_repeat=&#8221;no-repeat&#8221; hover_type=&#8221;none&#8221; border_size=&#8221;0&#8243; border_color=&#8221;&#8221; border_style=&#8221;solid&#8221; border_position=&#8221;all&#8221; padding_top=&#8221;&#8221; padding_right=&#8221;&#8221; padding_bottom=&#8221;&#8221; padding_left=&#8221;&#8221; margin_top=&#8221;&#8221; margin_bottom=&#8221;&#8221; animation_type=&#8221;&#8221; animation_direction=&#8221;left&#8221; animation_speed=&#8221;0.3&#8243; animation_offset=&#8221;&#8221; last=&#8221;no&#8221;][fusion_text columns=&#8221;&#8221; column_min_width=&#8221;&#8221; column_spacing=&#8221;&#8221; rule_style=&#8221;default&#8221; rule_size=&#8221;&#8221; rule_color=&#8221;&#8221; hide_on_mobile=&#8221;small-visibility,medium-visibility,large-visibility&#8221; class=&#8221;&#8221; id=&#8221;&#8221;]<\/p>\n<h2 style=\"text-align: center;\">Rezerviraj svoje naslednje bivanje v Piranu:<\/h2>\n<div id=\"beds24strip_8318_14574_0\" style=\"cursor: pointer;font-size: 20;color: #ffffff;padding: 10px;background-color: #239379;\" class=\"beds24strip\"><form  id=\"beds24book_8318_14574_0\" method=\"post\" action=\"https:\/\/apartments.topline.si\/sl\/rezerviraj-zdaj\/\"><input type=\"hidden\" name=\"ownerid\" value=\"8318\"><input type=\"hidden\" name=\"propid\" value=\"14574\"><input type=\"hidden\" name=\"lang\" value=\"sl\"><input type=\"hidden\" name=\"referer\" value=\"wordpress\">\n<div class=\"B24_searchstrip\">\n<div class=\"B24_searchstrip_inner\">\n\n<div class=\"B24_searchitem B24_searchitem2\">\n<div class=\"B24checkinselect\">\n<input type=\"hidden\" id=\"fdate_lang\" name=\"lang\" value=\"sl\">\n<input type=\"hidden\" id=\"datepicker\">\n\n<select id=\"fdate_date\" class=\"B24checkin_day\" name=\"fdate_date\">\n<option value=\"0\" class=\"B24checkin_day_text\">Day<\/option>\n<option  value=\"1\">1<\/option>\n<option  value=\"2\">2<\/option>\n<option  value=\"3\">3<\/option>\n<option  value=\"4\">4<\/option>\n<option  value=\"5\">5<\/option>\n<option  value=\"6\">6<\/option>\n<option  value=\"7\">7<\/option>\n<option  value=\"8\">8<\/option>\n<option  value=\"9\">9<\/option>\n<option  value=\"10\">10<\/option>\n<option  value=\"11\">11<\/option>\n<option  value=\"12\">12<\/option>\n<option  value=\"13\">13<\/option>\n<option  value=\"14\">14<\/option>\n<option selected=\"selected\" value=\"15\">15<\/option>\n<option  value=\"16\">16<\/option>\n<option  value=\"17\">17<\/option>\n<option  value=\"18\">18<\/option>\n<option  value=\"19\">19<\/option>\n<option  value=\"20\">20<\/option>\n<option  value=\"21\">21<\/option>\n<option  value=\"22\">22<\/option>\n<option  value=\"23\">23<\/option>\n<option  value=\"24\">24<\/option>\n<option  value=\"25\">25<\/option>\n<option  value=\"26\">26<\/option>\n<option  value=\"27\">27<\/option>\n<option  value=\"28\">28<\/option>\n<option  value=\"29\">29<\/option>\n<option  value=\"30\">30<\/option>\n<option  value=\"31\">31<\/option>\n<\/select>\n\n<select id=\"fdate_monthyear\" class=\"B24checkin_month\" name=\"fdate_monthyear\">\n<option value=\"0\" class=\"B24checkin_month_text\">Month<\/option>\n<option selected=\"selected\" value=\"2026-04\">Apr 2026<\/option>\n<option  value=\"2026-05\">May 2026<\/option>\n<option  value=\"2026-06\">Jun 2026<\/option>\n<option  value=\"2026-07\">Jul 2026<\/option>\n<option  value=\"2026-08\">Aug 2026<\/option>\n<option  value=\"2026-09\">Sep 2026<\/option>\n<option  value=\"2026-10\">Oct 2026<\/option>\n<option  value=\"2026-11\">Nov 2026<\/option>\n<option  value=\"2026-12\">Dec 2026<\/option>\n<option  value=\"2027-01\">Jan 2027<\/option>\n<option  value=\"2027-02\">Feb 2027<\/option>\n<option  value=\"2027-03\">Mar 2027<\/option>\n<option  value=\"2027-04\">Apr 2027<\/option>\n<option  value=\"2027-05\">May 2027<\/option>\n<option  value=\"2027-06\">Jun 2027<\/option>\n<option  value=\"2027-07\">Jul 2027<\/option>\n<option  value=\"2027-08\">Aug 2027<\/option>\n<option  value=\"2027-09\">Sep 2027<\/option>\n<option  value=\"2027-10\">Oct 2027<\/option>\n<option  value=\"2027-11\">Nov 2027<\/option>\n<option  value=\"2027-12\">Dec 2027<\/option>\n<option  value=\"2028-01\">Jan 2028<\/option>\n<option  value=\"2028-02\">Feb 2028<\/option>\n<option  value=\"2028-03\">Mar 2028<\/option>\n<\/select>\n<\/div>\n<\/div>\n\n<div class=\"B24_searchitem B24_searchitem3\">\n<div class=\"B24checkoutselect\">\n<select class=\"B24nights\" name=\"numnight\">\n<option selected=\"selected\" value=\"1\">1 Night<\/option>\n<option  value=\"2\">2 Nights<\/option>\n<option  value=\"3\">3 Nights<\/option>\n<option  value=\"4\">4 Nights<\/option>\n<option  value=\"5\">5 Nights<\/option>\n<option  value=\"6\">6 Nights<\/option>\n<option  value=\"7\">7 Nights<\/option>\n<option  value=\"8\">8 Nights<\/option>\n<option  value=\"9\">9 Nights<\/option>\n<option  value=\"10\">10 Nights<\/option>\n<option  value=\"11\">11 Nights<\/option>\n<option  value=\"12\">12 Nights<\/option>\n<option  value=\"13\">13 Nights<\/option>\n<option  value=\"14\">14 Nights<\/option>\n<option  value=\"15\">15 Nights<\/option>\n<option  value=\"16\">16 Nights<\/option>\n<option  value=\"17\">17 Nights<\/option>\n<option  value=\"18\">18 Nights<\/option>\n<option  value=\"19\">19 Nights<\/option>\n<option  value=\"20\">20 Nights<\/option>\n<option  value=\"21\">21 Nights<\/option>\n<option  value=\"22\">22 Nights<\/option>\n<option  value=\"23\">23 Nights<\/option>\n<option  value=\"24\">24 Nights<\/option>\n<option  value=\"25\">25 Nights<\/option>\n<option  value=\"26\">26 Nights<\/option>\n<option  value=\"27\">27 Nights<\/option>\n<option  value=\"28\">28 Nights<\/option>\n<option  value=\"29\">29 Nights<\/option>\n<option  value=\"30\">30 Nights<\/option>\n<option  value=\"31\">31 Nights<\/option>\n<\/select>\n<\/div>\n<\/div>\n\n<div class=\"B24_searchitem B24_searchitem4\">\n<div class=\"B24cguestselect\">\n<select class=\"B24guest\" name=\"numadult\">\n<option  value=\"1\">1 Guest<\/option>\n<option selected=\"selected\" value=\"2\">2 Guests<\/option>\n<option  value=\"3\">3 Guests<\/option>\n<option  value=\"4\">4 Guests<\/option>\n<option  value=\"5\">5 Guests<\/option>\n<option  value=\"6\">6 Guests<\/option>\n<option  value=\"7\">7 Guests<\/option>\n<option  value=\"8\">8 Guests<\/option>\n<option  value=\"9\">9 Guests<\/option>\n<option  value=\"10\">10 Guests<\/option>\n<option  value=\"11\">11 Guests<\/option>\n<option  value=\"12\">12 Guests<\/option>\n<\/select>\n<\/div>\n<\/div>\n\n<div class=\"B24buttondiv\">\n<div class=\"B24button\">\n<input type=\"submit\" value=\"Search\">\n<\/div>\n<\/div>\n\n<div class=\"B24clearboth\"><\/div>\n<\/div>\t\t\t\n<\/div>\n\n\n<\/form><\/div><script>jQuery(document).ready(function($) {$(\"#B24advancedsearch\").hide();});<\/script>\n<div id=\"gtx-trans\" style=\"position: absolute; left: 577px; top: 97.8125px;\">\n<div class=\"gtx-trans-icon\"><\/div>\n<\/div>\n<p>[\/fusion_text][\/fusion_builder_column][fusion_builder_column type=&#8221;1_3&#8243; layout=&#8221;1_3&#8243; spacing=&#8221;&#8221; center_content=&#8221;no&#8221; link=&#8221;&#8221; target=&#8221;_self&#8221; min_height=&#8221;&#8221; hide_on_mobile=&#8221;small-visibility,medium-visibility,large-visibility&#8221; class=&#8221;&#8221; id=&#8221;&#8221; hover_type=&#8221;none&#8221; border_size=&#8221;0&#8243; border_color=&#8221;&#8221; border_style=&#8221;solid&#8221; border_position=&#8221;all&#8221; border_radius=&#8221;&#8221; box_shadow=&#8221;no&#8221; dimension_box_shadow=&#8221;&#8221; box_shadow_blur=&#8221;0&#8243; box_shadow_spread=&#8221;0&#8243; box_shadow_color=&#8221;&#8221; box_shadow_style=&#8221;&#8221; padding_top=&#8221;&#8221; padding_right=&#8221;&#8221; padding_bottom=&#8221;&#8221; padding_left=&#8221;&#8221; margin_top=&#8221;&#8221; margin_bottom=&#8221;&#8221; background_type=&#8221;single&#8221; gradient_start_color=&#8221;&#8221; gradient_end_color=&#8221;&#8221; gradient_start_position=&#8221;0&#8243; gradient_end_position=&#8221;100&#8243; gradient_type=&#8221;linear&#8221; radial_direction=&#8221;center&#8221; linear_angle=&#8221;180&#8243; background_color=&#8221;&#8221; background_image=&#8221;&#8221; background_image_id=&#8221;&#8221; background_position=&#8221;left top&#8221; background_repeat=&#8221;no-repeat&#8221; background_blend_mode=&#8221;none&#8221; animation_type=&#8221;&#8221; animation_direction=&#8221;left&#8221; animation_speed=&#8221;0.3&#8243; animation_offset=&#8221;&#8221; filter_type=&#8221;regular&#8221; filter_hue=&#8221;0&#8243; filter_saturation=&#8221;100&#8243; filter_brightness=&#8221;100&#8243; filter_contrast=&#8221;100&#8243; filter_invert=&#8221;0&#8243; filter_sepia=&#8221;0&#8243; filter_opacity=&#8221;100&#8243; filter_blur=&#8221;0&#8243; filter_hue_hover=&#8221;0&#8243; filter_saturation_hover=&#8221;100&#8243; filter_brightness_hover=&#8221;100&#8243; filter_contrast_hover=&#8221;100&#8243; filter_invert_hover=&#8221;0&#8243; filter_sepia_hover=&#8221;0&#8243; filter_opacity_hover=&#8221;100&#8243; filter_blur_hover=&#8221;0&#8243; last=&#8221;no&#8221;][fusion_text columns=&#8221;&#8221; column_min_width=&#8221;&#8221; column_spacing=&#8221;&#8221; rule_style=&#8221;default&#8221; rule_size=&#8221;&#8221; rule_color=&#8221;&#8221; hide_on_mobile=&#8221;small-visibility,medium-visibility,large-visibility&#8221; class=&#8221;&#8221; id=&#8221;&#8221; animation_type=&#8221;&#8221; animation_direction=&#8221;left&#8221; animation_speed=&#8221;0.3&#8243; animation_offset=&#8221;&#8221;]<\/p>\n<h2>Kaj lahko pri\u010dakujete?<\/h2>\n<p>[\/fusion_text][fusion_imageframe image_id=&#8221;471&#8243; max_width=&#8221;&#8221; style_type=&#8221;&#8221; blur=&#8221;&#8221; stylecolor=&#8221;&#8221; hover_type=&#8221;none&#8221; bordersize=&#8221;&#8221; bordercolor=&#8221;&#8221; borderradius=&#8221;&#8221; align=&#8221;none&#8221; lightbox=&#8221;no&#8221; gallery_id=&#8221;&#8221; lightbox_image=&#8221;&#8221; lightbox_image_id=&#8221;&#8221; alt=&#8221;&#8221; link=&#8221;https:\/\/apartments.topline.si\/sl\/apartmaji\/&#8221; linktarget=&#8221;_self&#8221; hide_on_mobile=&#8221;small-visibility,medium-visibility,large-visibility&#8221; class=&#8221;&#8221; id=&#8221;&#8221; animation_type=&#8221;&#8221; animation_direction=&#8221;left&#8221; animation_speed=&#8221;0.3&#8243; animation_offset=&#8221;&#8221;]https:\/\/apartments.topline.si\/wp-content\/uploads\/2018\/05\/03-kitchen-1.jpg[\/fusion_imageframe][fusion_text columns=&#8221;&#8221; column_min_width=&#8221;&#8221; column_spacing=&#8221;&#8221; rule_style=&#8221;default&#8221; rule_size=&#8221;&#8221; rule_color=&#8221;&#8221; hide_on_mobile=&#8221;small-visibility,medium-visibility,large-visibility&#8221; class=&#8221;&#8221; id=&#8221;&#8221; animation_type=&#8221;&#8221; animation_direction=&#8221;left&#8221; animation_speed=&#8221;0.3&#8243; animation_offset=&#8221;&#8221;]<\/p>\n<p>Majhni, enostavni ter \u010disti apartmaji v sredi\u0161\u010du Pirana. Opremljeni za udobno bivanje z vsem potrebnim, da se boste pri nas dobro po\u010dutili.<\/p>\n<p>[\/fusion_text][\/fusion_builder_column][fusion_builder_column type=&#8221;1_3&#8243; layout=&#8221;1_3&#8243; spacing=&#8221;&#8221; center_content=&#8221;no&#8221; link=&#8221;&#8221; target=&#8221;_self&#8221; min_height=&#8221;&#8221; hide_on_mobile=&#8221;small-visibility,medium-visibility,large-visibility&#8221; class=&#8221;&#8221; id=&#8221;&#8221; hover_type=&#8221;none&#8221; border_size=&#8221;0&#8243; border_color=&#8221;&#8221; border_style=&#8221;solid&#8221; border_position=&#8221;all&#8221; border_radius=&#8221;&#8221; box_shadow=&#8221;no&#8221; dimension_box_shadow=&#8221;&#8221; box_shadow_blur=&#8221;0&#8243; box_shadow_spread=&#8221;0&#8243; box_shadow_color=&#8221;&#8221; box_shadow_style=&#8221;&#8221; padding_top=&#8221;&#8221; padding_right=&#8221;&#8221; padding_bottom=&#8221;&#8221; padding_left=&#8221;&#8221; margin_top=&#8221;&#8221; margin_bottom=&#8221;&#8221; background_type=&#8221;single&#8221; gradient_start_color=&#8221;&#8221; gradient_end_color=&#8221;&#8221; gradient_start_position=&#8221;0&#8243; gradient_end_position=&#8221;100&#8243; gradient_type=&#8221;linear&#8221; radial_direction=&#8221;center&#8221; linear_angle=&#8221;180&#8243; background_color=&#8221;&#8221; background_image=&#8221;&#8221; background_image_id=&#8221;&#8221; background_position=&#8221;left top&#8221; background_repeat=&#8221;no-repeat&#8221; background_blend_mode=&#8221;none&#8221; animation_type=&#8221;&#8221; animation_direction=&#8221;left&#8221; animation_speed=&#8221;0.3&#8243; animation_offset=&#8221;&#8221; filter_type=&#8221;regular&#8221; filter_hue=&#8221;0&#8243; filter_saturation=&#8221;100&#8243; filter_brightness=&#8221;100&#8243; filter_contrast=&#8221;100&#8243; filter_invert=&#8221;0&#8243; filter_sepia=&#8221;0&#8243; filter_opacity=&#8221;100&#8243; filter_blur=&#8221;0&#8243; filter_hue_hover=&#8221;0&#8243; filter_saturation_hover=&#8221;100&#8243; filter_brightness_hover=&#8221;100&#8243; filter_contrast_hover=&#8221;100&#8243; filter_invert_hover=&#8221;0&#8243; filter_sepia_hover=&#8221;0&#8243; filter_opacity_hover=&#8221;100&#8243; filter_blur_hover=&#8221;0&#8243; last=&#8221;no&#8221;][fusion_text columns=&#8221;&#8221; column_min_width=&#8221;&#8221; column_spacing=&#8221;&#8221; rule_style=&#8221;default&#8221; rule_size=&#8221;&#8221; rule_color=&#8221;&#8221; hide_on_mobile=&#8221;small-visibility,medium-visibility,large-visibility&#8221; class=&#8221;&#8221; id=&#8221;&#8221; animation_type=&#8221;&#8221; animation_direction=&#8221;left&#8221; animation_speed=&#8221;0.3&#8243; animation_offset=&#8221;&#8221;]<\/p>\n<h2>Oprema apartmajev:<\/h2>\n<p>[\/fusion_text][fusion_checklist icon=&#8221;fa-mug-hot fas&#8221; iconcolor=&#8221;&#8221; circle=&#8221;&#8221; circlecolor=&#8221;&#8221; size=&#8221;&#8221; divider=&#8221;&#8221; divider_color=&#8221;&#8221; hide_on_mobile=&#8221;small-visibility,medium-visibility,large-visibility&#8221; class=&#8221;&#8221; id=&#8221;&#8221;][fusion_li_item icon=&#8221;fa-wifi fas&#8221;]<\/p>\n<p>Brezpla\u010den WiFi<\/p>\n<p>[\/fusion_li_item][fusion_li_item icon=&#8221;fa-asterisk fas&#8221;]<\/p>\n<p>Klima<\/p>\n<p>[\/fusion_li_item][fusion_li_item icon=&#8221;fa-shower fas&#8221;]<\/p>\n<p>Zasebna kopalnica s tu\u0161em<\/p>\n<p>[\/fusion_li_item][fusion_li_item icon=&#8221;fa-tv fas&#8221;]<\/p>\n<p>Televizija<\/p>\n<p>[\/fusion_li_item][fusion_li_item icon=&#8221;fa-door-closed fas&#8221;]<\/p>\n<p>Zasebni vhod v apartma<\/p>\n<p>[\/fusion_li_item][fusion_li_item icon=&#8221;fa-mug-hot fas&#8221;]<\/p>\n<p>Opremljena kuhinja<\/p>\n<p>[\/fusion_li_item][\/fusion_checklist][\/fusion_builder_column][fusion_builder_column type=&#8221;1_3&#8243; layout=&#8221;1_3&#8243; spacing=&#8221;&#8221; center_content=&#8221;no&#8221; link=&#8221;&#8221; target=&#8221;_self&#8221; min_height=&#8221;&#8221; hide_on_mobile=&#8221;small-visibility,medium-visibility,large-visibility&#8221; class=&#8221;&#8221; id=&#8221;&#8221; hover_type=&#8221;none&#8221; border_size=&#8221;0&#8243; border_color=&#8221;&#8221; border_style=&#8221;solid&#8221; border_position=&#8221;all&#8221; border_radius=&#8221;&#8221; box_shadow=&#8221;no&#8221; dimension_box_shadow=&#8221;&#8221; box_shadow_blur=&#8221;0&#8243; box_shadow_spread=&#8221;0&#8243; box_shadow_color=&#8221;&#8221; box_shadow_style=&#8221;&#8221; padding_top=&#8221;&#8221; padding_right=&#8221;&#8221; padding_bottom=&#8221;&#8221; padding_left=&#8221;&#8221; margin_top=&#8221;&#8221; margin_bottom=&#8221;&#8221; background_type=&#8221;single&#8221; gradient_start_color=&#8221;&#8221; gradient_end_color=&#8221;&#8221; gradient_start_position=&#8221;0&#8243; gradient_end_position=&#8221;100&#8243; gradient_type=&#8221;linear&#8221; radial_direction=&#8221;center&#8221; linear_angle=&#8221;180&#8243; background_color=&#8221;&#8221; background_image=&#8221;&#8221; background_image_id=&#8221;&#8221; background_position=&#8221;left top&#8221; background_repeat=&#8221;no-repeat&#8221; background_blend_mode=&#8221;none&#8221; animation_type=&#8221;&#8221; animation_direction=&#8221;left&#8221; animation_speed=&#8221;0.3&#8243; animation_offset=&#8221;&#8221; filter_type=&#8221;regular&#8221; filter_hue=&#8221;0&#8243; filter_saturation=&#8221;100&#8243; filter_brightness=&#8221;100&#8243; filter_contrast=&#8221;100&#8243; filter_invert=&#8221;0&#8243; filter_sepia=&#8221;0&#8243; filter_opacity=&#8221;100&#8243; filter_blur=&#8221;0&#8243; filter_hue_hover=&#8221;0&#8243; filter_saturation_hover=&#8221;100&#8243; filter_brightness_hover=&#8221;100&#8243; filter_contrast_hover=&#8221;100&#8243; filter_invert_hover=&#8221;0&#8243; filter_sepia_hover=&#8221;0&#8243; filter_opacity_hover=&#8221;100&#8243; filter_blur_hover=&#8221;0&#8243; last=&#8221;no&#8221;][fusion_text columns=&#8221;&#8221; column_min_width=&#8221;&#8221; column_spacing=&#8221;&#8221; rule_style=&#8221;default&#8221; rule_size=&#8221;&#8221; rule_color=&#8221;&#8221; hide_on_mobile=&#8221;small-visibility,medium-visibility,large-visibility&#8221; class=&#8221;&#8221; id=&#8221;&#8221; animation_type=&#8221;&#8221; animation_direction=&#8221;left&#8221; animation_speed=&#8221;0.3&#8243; animation_offset=&#8221;&#8221;]<\/p>\n<h2>Do in iz Pirana:<\/h2>\n<p>[\/fusion_text][fusion_imageframe image_id=&#8221;760&#8243; max_width=&#8221;&#8221; style_type=&#8221;&#8221; blur=&#8221;&#8221; stylecolor=&#8221;&#8221; hover_type=&#8221;none&#8221; bordersize=&#8221;&#8221; bordercolor=&#8221;&#8221; borderradius=&#8221;&#8221; align=&#8221;none&#8221; lightbox=&#8221;no&#8221; gallery_id=&#8221;&#8221; lightbox_image=&#8221;&#8221; lightbox_image_id=&#8221;&#8221; alt=&#8221;&#8221; link=&#8221;https:\/\/apartments.topline.si\/sl\/do-in-iz-pirana\/&#8221; linktarget=&#8221;_self&#8221; hide_on_mobile=&#8221;small-visibility,medium-visibility,large-visibility&#8221; class=&#8221;&#8221; id=&#8221;&#8221; animation_type=&#8221;&#8221; animation_direction=&#8221;left&#8221; animation_speed=&#8221;0.3&#8243; animation_offset=&#8221;&#8221;]https:\/\/apartments.topline.si\/wp-content\/uploads\/2018\/05\/20140320_A2A3620.jpg[\/fusion_imageframe][fusion_text columns=&#8221;&#8221; column_min_width=&#8221;&#8221; column_spacing=&#8221;&#8221; rule_style=&#8221;default&#8221; rule_size=&#8221;&#8221; rule_color=&#8221;&#8221; hide_on_mobile=&#8221;small-visibility,medium-visibility,large-visibility&#8221; class=&#8221;&#8221; id=&#8221;&#8221; animation_type=&#8221;&#8221; animation_direction=&#8221;left&#8221; animation_speed=&#8221;0.3&#8243; animation_offset=&#8221;&#8221;]<\/p>\n<p>Z najbolj\u0161im cestnim prevozom, ki ga Slovenija ponuja, je prihod v Piran lahko najbolj\u0161i za\u010detek \u010dudovite izku\u0161nje. Rezervirajte prevoz z GoOpti \u0161e danes.<\/p>\n<p>[\/fusion_text][\/fusion_builder_column][\/fusion_builder_row][\/fusion_builder_container]<\/p>\n","protected":false},"excerpt":{"rendered":"<p>[fusion_builder_container hundred_percent=&#8221;no&#8221; hundred_percent_height=&#8221;no&#8221; hundred_percent_height_scroll=&#8221;no&#8221; hundred_percent_height_center_content=&#8221;yes&#8221; equal_height_columns=&#8221;no&#8221; menu_anchor=&#8221;&#8221; hide_on_mobile=&#8221;small-visibility,medium-visibility,large-visibility&#8221; class=&#8221;&#8221; id=&#8221;&#8221; [&hellip;]<\/p>\n","protected":false},"author":1,"featured_media":0,"parent":0,"menu_order":0,"comment_status":"closed","ping_status":"closed","template":"","meta":{"footnotes":""},"class_list":["post-833","page","type-page","status-publish","hentry"],"_links":{"self":[{"href":"https:\/\/apartments.topline.si\/sl\/wp-json\/wp\/v2\/pages\/833"}],"collection":[{"href":"https:\/\/apartments.topline.si\/sl\/wp-json\/wp\/v2\/pages"}],"about":[{"href":"https:\/\/apartments.topline.si\/sl\/wp-json\/wp\/v2\/types\/page"}],"author":[{"embeddable":true,"href":"https:\/\/apartments.topline.si\/sl\/wp-json\/wp\/v2\/users\/1"}],"replies":[{"embeddable":true,"href":"https:\/\/apartments.topline.si\/sl\/wp-json\/wp\/v2\/comments?post=833"}],"version-history":[{"count":10,"href":"https:\/\/apartments.topline.si\/sl\/wp-json\/wp\/v2\/pages\/833\/revisions"}],"predecessor-version":[{"id":957,"href":"https:\/\/apartments.topline.si\/sl\/wp-json\/wp\/v2\/pages\/833\/revisions\/957"}],"wp:attachment":[{"href":"https:\/\/apartments.topline.si\/sl\/wp-json\/wp\/v2\/media?parent=833"}],"curies":[{"name":"wp","href":"https:\/\/api.w.org\/{rel}","templated":true}]}}