{"id":152,"date":"2018-01-18T15:37:19","date_gmt":"2018-01-18T14:37:19","guid":{"rendered":"https:\/\/apartments.topline.si\/?page_id=152"},"modified":"2018-05-31T19:20:52","modified_gmt":"2018-05-31T17:20:52","slug":"o-piranu","status":"publish","type":"page","link":"https:\/\/apartments.topline.si\/sl\/o-piranu\/","title":{"rendered":"O Piranu"},"content":{"rendered":"<p>[fusion_builder_container hundred_percent=&#8221;no&#8221; equal_height_columns=&#8221;no&#8221; menu_anchor=&#8221;&#8221; hide_on_mobile=&#8221;small-visibility,medium-visibility,large-visibility&#8221; class=&#8221;&#8221; id=&#8221;&#8221; background_color=&#8221;&#8221; background_image=&#8221;&#8221; background_position=&#8221;center center&#8221; background_repeat=&#8221;no-repeat&#8221; fade=&#8221;no&#8221; background_parallax=&#8221;none&#8221; parallax_speed=&#8221;0.3&#8243; video_mp4=&#8221;&#8221; video_webm=&#8221;&#8221; video_ogv=&#8221;&#8221; video_url=&#8221;&#8221; video_aspect_ratio=&#8221;16:9&#8243; video_loop=&#8221;yes&#8221; video_mute=&#8221;yes&#8221; overlay_color=&#8221;&#8221; video_preview_image=&#8221;&#8221; border_size=&#8221;&#8221; border_color=&#8221;&#8221; border_style=&#8221;solid&#8221; padding_top=&#8221;&#8221; padding_bottom=&#8221;&#8221; padding_left=&#8221;&#8221; padding_right=&#8221;&#8221;][fusion_builder_row][fusion_builder_column type=&#8221;1_1&#8243; layout=&#8221;1_1&#8243; background_position=&#8221;left top&#8221; background_color=&#8221;&#8221; border_size=&#8221;&#8221; border_color=&#8221;&#8221; border_style=&#8221;solid&#8221; border_position=&#8221;all&#8221; spacing=&#8221;yes&#8221; background_image=&#8221;&#8221; background_repeat=&#8221;no-repeat&#8221; padding_top=&#8221;&#8221; padding_right=&#8221;&#8221; padding_bottom=&#8221;&#8221; padding_left=&#8221;&#8221; margin_top=&#8221;0px&#8221; margin_bottom=&#8221;0px&#8221; class=&#8221;&#8221; id=&#8221;&#8221; animation_type=&#8221;&#8221; animation_speed=&#8221;0.3&#8243; animation_direction=&#8221;left&#8221; hide_on_mobile=&#8221;small-visibility,medium-visibility,large-visibility&#8221; center_content=&#8221;no&#8221; last=&#8221;no&#8221; min_height=&#8221;&#8221; hover_type=&#8221;none&#8221; link=&#8221;&#8221;][fusion_text]<\/p>\n<p>Srednjeve\u0161ko mestece, ki mu je skozi stoletja pe\u010dat pustila bli\u017eina mogo\u010dnih Benetk, nedvomno sodi med najlep\u0161a, najbolj ohranjena in najpristnej\u0161a sredozemska mesta. To pa \u0161e ni vse: ta edinstveni drobni zaklad ponuja \u0161e \u010dudovito nedotaknjeno naravo, kulturo na vsakem vogalu, pa prvovrstno sol, olj\u010dno olje, vino, zelenjavo in ribe.\u00a0<em>Najbolj\u0161e pri tem pa je, da so vse te lepote in dobrote tako blizu! Vabimo vas, da si pridete ta na\u0161 zaklad ogledat \u2013 in ga odkrijete \u010disto zase \u2026\u00a0<\/em><\/p>\n<p>[\/fusion_text][\/fusion_builder_column][\/fusion_builder_row][\/fusion_builder_container][fusion_builder_container hundred_percent=&#8221;no&#8221; hundred_percent_height=&#8221;no&#8221; hundred_percent_height_scroll=&#8221;no&#8221; hundred_percent_height_center_content=&#8221;yes&#8221; equal_height_columns=&#8221;no&#8221; menu_anchor=&#8221;&#8221; hide_on_mobile=&#8221;small-visibility,medium-visibility,large-visibility&#8221; class=&#8221;&#8221; id=&#8221;&#8221; background_color=&#8221;&#8221; background_image=&#8221;&#8221; background_position=&#8221;center center&#8221; background_repeat=&#8221;no-repeat&#8221; fade=&#8221;no&#8221; background_parallax=&#8221;none&#8221; enable_mobile=&#8221;no&#8221; parallax_speed=&#8221;0.3&#8243; video_mp4=&#8221;&#8221; video_webm=&#8221;&#8221; video_ogv=&#8221;&#8221; video_url=&#8221;&#8221; video_aspect_ratio=&#8221;16:9&#8243; video_loop=&#8221;yes&#8221; video_mute=&#8221;yes&#8221; video_preview_image=&#8221;&#8221; border_size=&#8221;&#8221; border_color=&#8221;&#8221; border_style=&#8221;solid&#8221; margin_top=&#8221;&#8221; margin_bottom=&#8221;&#8221; padding_top=&#8221;&#8221; padding_right=&#8221;&#8221; padding_bottom=&#8221;&#8221; padding_left=&#8221;&#8221;][fusion_builder_row][fusion_builder_column type=&#8221;1_2&#8243; layout=&#8221;1_2&#8243; spacing=&#8221;&#8221; center_content=&#8221;no&#8221; link=&#8221;&#8221; target=&#8221;_self&#8221; min_height=&#8221;&#8221; hide_on_mobile=&#8221;small-visibility,medium-visibility,large-visibility&#8221; class=&#8221;&#8221; id=&#8221;&#8221; background_color=&#8221;&#8221; background_image=&#8221;&#8221; background_position=&#8221;left top&#8221; background_repeat=&#8221;no-repeat&#8221; hover_type=&#8221;none&#8221; border_size=&#8221;0&#8243; border_color=&#8221;&#8221; border_style=&#8221;solid&#8221; border_position=&#8221;all&#8221; padding_top=&#8221;&#8221; padding_right=&#8221;&#8221; padding_bottom=&#8221;&#8221; padding_left=&#8221;&#8221; dimension_margin=&#8221;&#8221; animation_type=&#8221;&#8221; animation_direction=&#8221;left&#8221; animation_speed=&#8221;0.3&#8243; animation_offset=&#8221;&#8221; last=&#8221;no&#8221;][fusion_imageframe image_id=&#8221;102&#8243; style_type=&#8221;none&#8221; stylecolor=&#8221;&#8221; hover_type=&#8221;none&#8221; bordersize=&#8221;&#8221; bordercolor=&#8221;&#8221; borderradius=&#8221;&#8221; align=&#8221;none&#8221; lightbox=&#8221;no&#8221; gallery_id=&#8221;&#8221; lightbox_image=&#8221;&#8221; alt=&#8221;&#8221; link=&#8221;&#8221; linktarget=&#8221;_self&#8221; hide_on_mobile=&#8221;small-visibility,medium-visibility,large-visibility&#8221; class=&#8221;&#8221; id=&#8221;&#8221; animation_type=&#8221;&#8221; animation_direction=&#8221;left&#8221; animation_speed=&#8221;0.3&#8243; animation_offset=&#8221;&#8221;]https:\/\/apartments.topline.si\/wp-content\/uploads\/2018\/03\/Piran19century.jpg[\/fusion_imageframe][\/fusion_builder_column][fusion_builder_column type=&#8221;1_2&#8243; layout=&#8221;1_2&#8243; spacing=&#8221;&#8221; center_content=&#8221;no&#8221; link=&#8221;&#8221; target=&#8221;_self&#8221; min_height=&#8221;&#8221; hide_on_mobile=&#8221;small-visibility,medium-visibility,large-visibility&#8221; class=&#8221;&#8221; id=&#8221;&#8221; background_color=&#8221;&#8221; background_image=&#8221;&#8221; background_position=&#8221;left top&#8221; background_repeat=&#8221;no-repeat&#8221; hover_type=&#8221;none&#8221; border_size=&#8221;0&#8243; border_color=&#8221;&#8221; border_style=&#8221;solid&#8221; border_position=&#8221;all&#8221; padding_top=&#8221;&#8221; padding_right=&#8221;&#8221; padding_bottom=&#8221;&#8221; padding_left=&#8221;&#8221; dimension_margin=&#8221;&#8221; animation_type=&#8221;&#8221; animation_direction=&#8221;left&#8221; animation_speed=&#8221;0.3&#8243; animation_offset=&#8221;&#8221; last=&#8221;no&#8221;][fusion_text]<\/p>\n<h2>Zgodovina<\/h2>\n<p>Z rimsko osvojitvijo Istrskega polotoka\u00a0<b>v letih 178\/177 pr. n. \u0161t.<\/b>\u00a0sta se za\u010deli postopna kolonizacija in romanizacija polotoka. Tako so tudi v zaledju Pirana nastajale rimske \u00bbvile rustike\u00ab, do gostej\u0161e naselitve samega rti\u010da pa tedaj verjetno \u0161e ni pri\u0161lo. Ta se je pri\u010dela \u0161ele ob zatonu Rimskega imperija konec 5. stoletja, ko se je ob vdorih in preseljevanju barbarskih ljudstev romansko prebivalstvo zateklo v oto\u0161ke naselbine ali utrjene postojanke ob sami obali.<\/p>\n<p>V 7. stoletju je Piran pod Bizancem postal mo\u010dno utrjen castrum, s tem pa se je za\u010del njegov urbani razvoj. \u017de ob koncu 6. stoletja smo pri\u010da silovitim obrsko-slovanskim vdorom v Istro. Sledila jim je\u00a0postopna slovanska kolonizacija, ki ji je na \u0161iroko odprla vrata \u0161ele frankovska osvojitev Istre leta 788. Franki so Istro upravno vklju\u010dili v Furlansko marko in podpirali slovanski \u017eivelj v politi\u010dni in gospodarski borbi proti romanskemu mestnemu prebivalstvu. Po delitvi Frankovskega cesarstva je bila grofija Istra leta 843 priklju\u010dena Italskemu kraljestvu, leta 952 Nem\u0161kemu cesarstvu oziroma vojvodini Bavarski, leta 976 Koro\u0161ki vojvodini in nazadnje Oglejskemu patriarhatu.<\/p>\n<p>[\/fusion_text][\/fusion_builder_column][\/fusion_builder_row][\/fusion_builder_container][fusion_builder_container hundred_percent=&#8221;no&#8221; hundred_percent_height=&#8221;no&#8221; hundred_percent_height_scroll=&#8221;no&#8221; hundred_percent_height_center_content=&#8221;yes&#8221; equal_height_columns=&#8221;no&#8221; menu_anchor=&#8221;&#8221; hide_on_mobile=&#8221;small-visibility,medium-visibility,large-visibility&#8221; class=&#8221;&#8221; id=&#8221;&#8221; background_color=&#8221;&#8221; background_image=&#8221;https:\/\/apartments.topline.si\/wp-content\/uploads\/2018\/01\/piran.jpg&#8221; background_position=&#8221;center center&#8221; background_repeat=&#8221;no-repeat&#8221; fade=&#8221;no&#8221; background_parallax=&#8221;fixed&#8221; enable_mobile=&#8221;no&#8221; parallax_speed=&#8221;0.3&#8243; video_mp4=&#8221;&#8221; video_webm=&#8221;&#8221; video_ogv=&#8221;&#8221; video_url=&#8221;&#8221; video_aspect_ratio=&#8221;16:9&#8243; video_loop=&#8221;yes&#8221; video_mute=&#8221;yes&#8221; video_preview_image=&#8221;&#8221; border_size=&#8221;&#8221; border_color=&#8221;&#8221; border_style=&#8221;solid&#8221; margin_top=&#8221;&#8221; margin_bottom=&#8221;&#8221; padding_top=&#8221;&#8221; padding_right=&#8221;&#8221; padding_bottom=&#8221;&#8221; padding_left=&#8221;&#8221;][fusion_builder_row][fusion_builder_column type=&#8221;1_1&#8243; layout=&#8221;1_1&#8243; spacing=&#8221;&#8221; center_content=&#8221;no&#8221; link=&#8221;&#8221; target=&#8221;_self&#8221; min_height=&#8221;&#8221; hide_on_mobile=&#8221;small-visibility,medium-visibility,large-visibility&#8221; class=&#8221;&#8221; id=&#8221;&#8221; background_color=&#8221;&#8221; background_image=&#8221;&#8221; background_position=&#8221;left top&#8221; undefined=&#8221;&#8221; background_repeat=&#8221;no-repeat&#8221; hover_type=&#8221;none&#8221; border_size=&#8221;0&#8243; border_color=&#8221;&#8221; border_style=&#8221;solid&#8221; border_position=&#8221;all&#8221; padding_top=&#8221;30&#8243; padding_right=&#8221;30&#8243; padding_bottom=&#8221;30&#8243; padding_left=&#8221;30&#8243; margin_top=&#8221;40&#8243; margin_bottom=&#8221;40&#8243; animation_type=&#8221;&#8221; animation_direction=&#8221;left&#8221; animation_speed=&#8221;0.3&#8243; animation_offset=&#8221;&#8221; last=&#8221;no&#8221;][fusion_text]<\/p>\n<p>Zaradi postopnega pridobivanja lastnih ozemelj in zaradi mo\u017enosti svobodnega razvoja pomorske trgovine so se mesta ob istrski obali, vklju\u010dno s Piranom, sku\u0161ala \u010dim bolj otresti neposredne odvisnosti od fevdalnih gospodov in pri tem na\u0161la zaveznika v Bene\u0161ki republiki, ki je od 10. stoletja postajala \u010dedalje mo\u010dnej\u0161a pomorska in trgovska sila na Jadranu. Bene\u0161ki prodor na vzhodno jadransko obalo je postal za nadaljnji razvoj istrskih mest odlo\u010dujo\u010d, saj so Benetke tu \u017ee iskale svoja tr\u017ei\u0161\u010da in opori\u0161\u010da za prodor na srednji in ju\u017eni Jadran. Postopno so si za\u010dele podrejati obalna istrska mesta, vendar so z njimi najprej sklepala prijateljske in trgovske pogodbe. Tudi Piran so vzele pod svojo za\u0161\u010dito, v zameno pa je moralo mesto z njimi leta 933 skleniti trgovsko pogodbo. A kmalu je piransko prebivalstvo spoznalo, da mu pogodbe z Benetkami krnijo svobodo in samostojnost, zato je iskalo izhod v samoobrambnem povezovanju s sosednjimi mesti, zlasti s Koprom, pa tudi v krepitvi lastne avtonomije.<\/p>\n<p>[\/fusion_text][\/fusion_builder_column][\/fusion_builder_row][\/fusion_builder_container][fusion_builder_container hundred_percent=&#8221;no&#8221; hundred_percent_height=&#8221;no&#8221; hundred_percent_height_scroll=&#8221;no&#8221; hundred_percent_height_center_content=&#8221;yes&#8221; equal_height_columns=&#8221;no&#8221; menu_anchor=&#8221;&#8221; hide_on_mobile=&#8221;small-visibility,medium-visibility,large-visibility&#8221; class=&#8221;&#8221; id=&#8221;&#8221; background_color=&#8221;&#8221; background_image=&#8221;&#8221; background_position=&#8221;center center&#8221; background_repeat=&#8221;no-repeat&#8221; fade=&#8221;no&#8221; background_parallax=&#8221;none&#8221; enable_mobile=&#8221;no&#8221; parallax_speed=&#8221;0.3&#8243; video_mp4=&#8221;&#8221; video_webm=&#8221;&#8221; video_ogv=&#8221;&#8221; video_url=&#8221;&#8221; video_aspect_ratio=&#8221;16:9&#8243; video_loop=&#8221;yes&#8221; video_mute=&#8221;yes&#8221; video_preview_image=&#8221;&#8221; border_size=&#8221;&#8221; border_color=&#8221;&#8221; border_style=&#8221;solid&#8221; margin_top=&#8221;30&#8243; margin_bottom=&#8221;&#8221; padding_top=&#8221;&#8221; padding_right=&#8221;&#8221; padding_bottom=&#8221;&#8221; padding_left=&#8221;&#8221;][fusion_builder_row][fusion_builder_column type=&#8221;1_2&#8243; layout=&#8221;1_2&#8243; spacing=&#8221;&#8221; center_content=&#8221;no&#8221; link=&#8221;&#8221; target=&#8221;_self&#8221; min_height=&#8221;&#8221; hide_on_mobile=&#8221;small-visibility,medium-visibility,large-visibility&#8221; class=&#8221;&#8221; id=&#8221;&#8221; background_color=&#8221;&#8221; background_image=&#8221;&#8221; background_position=&#8221;left top&#8221; background_repeat=&#8221;no-repeat&#8221; hover_type=&#8221;none&#8221; border_size=&#8221;0&#8243; border_color=&#8221;&#8221; border_style=&#8221;solid&#8221; border_position=&#8221;all&#8221; padding_top=&#8221;&#8221; padding_right=&#8221;&#8221; padding_bottom=&#8221;&#8221; padding_left=&#8221;&#8221; dimension_margin=&#8221;&#8221; animation_type=&#8221;&#8221; animation_direction=&#8221;left&#8221; animation_speed=&#8221;0.3&#8243; animation_offset=&#8221;&#8221; last=&#8221;no&#8221;][fusion_text]<\/p>\n<p>Gospodarskemu razcvetu, ki sta ga istrskim mestom prinesli pomorska trgovina in trgovina z zaledjem, gre zasluga, da so si nekatera mesta \u017ee ob koncu 12. stoletja priborila avtonomijo in postala svobodne komune z voljeno oblastno strukturo: Piran leta 1192. Ob lastni izbiri mestnih na\u010delnikov \u2013\u00a0podestatov so mesta med seboj celo sklepala trgovske pogodbe.<\/p>\n<p>\u017de v drugi polovici 13. stoletja je za\u010dela Bene\u0161ka republika osvajati istrska mesta in leta 1279 zasedla Koper, leto kasneje Izolo, leta 1283 pa \u0161e Piran.<\/p>\n<p>Od 15. do 17. stoletja so Piran pretresali socialni boji med plemstvom in populari, ki so se upirali in izra\u017eali nezadovoljstvo zaradi plemi\u0161kega upravljanja ob\u010dinskih blagajn, lastni\u0161tva nad solinami in zemljo v zaledju ter zaradi politi\u010dnih pravic, ki so jih \u017eeleli pridobiti.<\/p>\n<p>V Istro se je raz\u0161iril tudi protestantizem, ki se je\u00a0v Piranu pojavil \u017ee v 30. letih 16. stoletja.<\/p>\n<p>[\/fusion_text][\/fusion_builder_column][fusion_builder_column type=&#8221;1_2&#8243; layout=&#8221;1_2&#8243; spacing=&#8221;&#8221; center_content=&#8221;no&#8221; link=&#8221;&#8221; target=&#8221;_self&#8221; min_height=&#8221;&#8221; hide_on_mobile=&#8221;small-visibility,medium-visibility,large-visibility&#8221; class=&#8221;&#8221; id=&#8221;&#8221; background_color=&#8221;&#8221; background_image=&#8221;&#8221; background_position=&#8221;left top&#8221; background_repeat=&#8221;no-repeat&#8221; hover_type=&#8221;none&#8221; border_size=&#8221;0&#8243; border_color=&#8221;&#8221; border_style=&#8221;solid&#8221; border_position=&#8221;all&#8221; padding_top=&#8221;&#8221; padding_right=&#8221;&#8221; padding_bottom=&#8221;&#8221; padding_left=&#8221;&#8221; dimension_margin=&#8221;&#8221; animation_type=&#8221;&#8221; animation_direction=&#8221;left&#8221; animation_speed=&#8221;0.3&#8243; animation_offset=&#8221;&#8221; last=&#8221;no&#8221;][fusion_imageframe image_id=&#8221;113&#8243; style_type=&#8221;none&#8221; stylecolor=&#8221;&#8221; hover_type=&#8221;none&#8221; bordersize=&#8221;&#8221; bordercolor=&#8221;&#8221; borderradius=&#8221;&#8221; align=&#8221;none&#8221; lightbox=&#8221;no&#8221; gallery_id=&#8221;&#8221; lightbox_image=&#8221;&#8221; alt=&#8221;&#8221; link=&#8221;&#8221; linktarget=&#8221;_self&#8221; hide_on_mobile=&#8221;small-visibility,medium-visibility,large-visibility&#8221; class=&#8221;&#8221; id=&#8221;&#8221; animation_type=&#8221;&#8221; animation_direction=&#8221;left&#8221; animation_speed=&#8221;0.3&#8243; animation_offset=&#8221;&#8221;]https:\/\/apartments.topline.si\/wp-content\/uploads\/2018\/03\/Tartini_Square_from_above_Piran_May_2009-1024&#215;785.jpg[\/fusion_imageframe][\/fusion_builder_column][\/fusion_builder_row][\/fusion_builder_container]<\/p>\n","protected":false},"excerpt":{"rendered":"<p>[fusion_builder_container hundred_percent=&#8221;no&#8221; equal_height_columns=&#8221;no&#8221; menu_anchor=&#8221;&#8221; hide_on_mobile=&#8221;small-visibility,medium-visibility,large-visibility&#8221; class=&#8221;&#8221; id=&#8221;&#8221; background_color=&#8221;&#8221; background_image=&#8221;&#8221; background_position=&#8221;center [&hellip;]<\/p>\n","protected":false},"author":1,"featured_media":0,"parent":0,"menu_order":0,"comment_status":"closed","ping_status":"closed","template":"100-width.php","meta":{"footnotes":""},"class_list":["post-152","page","type-page","status-publish","hentry"],"_links":{"self":[{"href":"https:\/\/apartments.topline.si\/sl\/wp-json\/wp\/v2\/pages\/152"}],"collection":[{"href":"https:\/\/apartments.topline.si\/sl\/wp-json\/wp\/v2\/pages"}],"about":[{"href":"https:\/\/apartments.topline.si\/sl\/wp-json\/wp\/v2\/types\/page"}],"author":[{"embeddable":true,"href":"https:\/\/apartments.topline.si\/sl\/wp-json\/wp\/v2\/users\/1"}],"replies":[{"embeddable":true,"href":"https:\/\/apartments.topline.si\/sl\/wp-json\/wp\/v2\/comments?post=152"}],"version-history":[{"count":11,"href":"https:\/\/apartments.topline.si\/sl\/wp-json\/wp\/v2\/pages\/152\/revisions"}],"predecessor-version":[{"id":877,"href":"https:\/\/apartments.topline.si\/sl\/wp-json\/wp\/v2\/pages\/152\/revisions\/877"}],"wp:attachment":[{"href":"https:\/\/apartments.topline.si\/sl\/wp-json\/wp\/v2\/media?parent=152"}],"curies":[{"name":"wp","href":"https:\/\/api.w.org\/{rel}","templated":true}]}}