{"id":149,"date":"2018-01-17T15:05:32","date_gmt":"2018-01-17T14:05:32","guid":{"rendered":"https:\/\/apartments.topline.si\/apartments\/"},"modified":"2020-03-15T11:57:23","modified_gmt":"2020-03-15T10:57:23","slug":"apartmaji","status":"publish","type":"page","link":"https:\/\/apartments.topline.si\/sl\/apartmaji\/","title":{"rendered":"Apartmaji"},"content":{"rendered":"<p>[fusion_builder_container hundred_percent=&#8221;no&#8221; equal_height_columns=&#8221;no&#8221; menu_anchor=&#8221;&#8221; hide_on_mobile=&#8221;small-visibility,medium-visibility,large-visibility&#8221; class=&#8221;&#8221; id=&#8221;&#8221; background_color=&#8221;&#8221; background_image=&#8221;&#8221; background_position=&#8221;center center&#8221; background_repeat=&#8221;no-repeat&#8221; fade=&#8221;no&#8221; background_parallax=&#8221;none&#8221; parallax_speed=&#8221;0.3&#8243; video_mp4=&#8221;&#8221; video_webm=&#8221;&#8221; video_ogv=&#8221;&#8221; video_url=&#8221;&#8221; video_aspect_ratio=&#8221;16:9&#8243; video_loop=&#8221;yes&#8221; video_mute=&#8221;yes&#8221; overlay_color=&#8221;&#8221; video_preview_image=&#8221;&#8221; border_size=&#8221;&#8221; border_color=&#8221;&#8221; border_style=&#8221;solid&#8221; padding_top=&#8221;&#8221; padding_bottom=&#8221;&#8221; padding_left=&#8221;&#8221; padding_right=&#8221;&#8221;][fusion_builder_row][fusion_builder_column type=&#8221;1_1&#8243; layout=&#8221;1_1&#8243; background_position=&#8221;left top&#8221; background_color=&#8221;&#8221; border_size=&#8221;&#8221; border_color=&#8221;&#8221; border_style=&#8221;solid&#8221; border_position=&#8221;all&#8221; spacing=&#8221;yes&#8221; background_image=&#8221;&#8221; background_repeat=&#8221;no-repeat&#8221; padding_top=&#8221;&#8221; padding_right=&#8221;&#8221; padding_bottom=&#8221;&#8221; padding_left=&#8221;&#8221; margin_top=&#8221;0px&#8221; margin_bottom=&#8221;0px&#8221; class=&#8221;&#8221; id=&#8221;&#8221; animation_type=&#8221;&#8221; animation_speed=&#8221;0.3&#8243; animation_direction=&#8221;left&#8221; hide_on_mobile=&#8221;small-visibility,medium-visibility,large-visibility&#8221; center_content=&#8221;no&#8221; last=&#8221;no&#8221; min_height=&#8221;&#8221; hover_type=&#8221;none&#8221; link=&#8221;&#8221;][fusion_images picture_size=&#8221;fixed&#8221; hover_type=&#8221;liftup&#8221; autoplay=&#8221;yes&#8221; columns=&#8221;3&#8243; column_spacing=&#8221;13&#8243; scroll_items=&#8221;&#8221; show_nav=&#8221;yes&#8221; mouse_scroll=&#8221;no&#8221; border=&#8221;yes&#8221; lightbox=&#8221;no&#8221; hide_on_mobile=&#8221;small-visibility,medium-visibility,large-visibility&#8221; class=&#8221;&#8221; id=&#8221;&#8221;][fusion_image image=&#8221;https:\/\/apartments.topline.si\/wp-content\/uploads\/2018\/05\/TopLineApartma_Zunaj-1-of-2-400&#215;600.jpg&#8221; image_id=&#8221;&#8221; link=&#8221;&#8221; linktarget=&#8221;_self&#8221; alt=&#8221;&#8221; \/][fusion_image image=&#8221;https:\/\/apartments.topline.si\/wp-content\/uploads\/2018\/05\/13-hall-1-400&#215;300.jpg&#8221; image_id=&#8221;&#8221; link=&#8221;&#8221; linktarget=&#8221;_self&#8221; alt=&#8221;&#8221; \/][fusion_image image=&#8221;https:\/\/apartments.topline.si\/wp-content\/uploads\/2018\/05\/01-living-2-400&#215;300.jpg&#8221; image_id=&#8221;&#8221; link=&#8221;&#8221; linktarget=&#8221;_self&#8221; alt=&#8221;&#8221; \/][fusion_image image=&#8221;https:\/\/apartments.topline.si\/wp-content\/uploads\/2018\/05\/02-living-1-400&#215;300.jpg&#8221; image_id=&#8221;&#8221; link=&#8221;&#8221; linktarget=&#8221;_self&#8221; alt=&#8221;&#8221; \/][fusion_image image=&#8221;https:\/\/apartments.topline.si\/wp-content\/uploads\/2018\/05\/05-kitchen-1-400&#215;300.jpg&#8221; image_id=&#8221;&#8221; link=&#8221;&#8221; linktarget=&#8221;_self&#8221; alt=&#8221;&#8221; \/][fusion_image image=&#8221;https:\/\/apartments.topline.si\/wp-content\/uploads\/2018\/05\/04-kitchen-1-400&#215;300.jpg&#8221; image_id=&#8221;&#8221; link=&#8221;&#8221; linktarget=&#8221;_self&#8221; alt=&#8221;&#8221; \/][fusion_image image=&#8221;https:\/\/apartments.topline.si\/wp-content\/uploads\/2018\/05\/03-kitchen-1-400&#215;300.jpg&#8221; image_id=&#8221;&#8221; link=&#8221;&#8221; linktarget=&#8221;_self&#8221; alt=&#8221;&#8221; \/][fusion_image image=&#8221;https:\/\/apartments.topline.si\/wp-content\/uploads\/2018\/05\/11-bedroom-1-400&#215;300.jpg&#8221; image_id=&#8221;&#8221; link=&#8221;&#8221; linktarget=&#8221;_self&#8221; alt=&#8221;&#8221; \/][fusion_image image=&#8221;https:\/\/apartments.topline.si\/wp-content\/uploads\/2018\/05\/10-bedroom-1-400&#215;300.jpg&#8221; image_id=&#8221;&#8221; link=&#8221;&#8221; linktarget=&#8221;_self&#8221; alt=&#8221;&#8221; \/][fusion_image image=&#8221;https:\/\/apartments.topline.si\/wp-content\/uploads\/2018\/05\/09-bedroom-1-400&#215;300.jpg&#8221; image_id=&#8221;&#8221; link=&#8221;&#8221; linktarget=&#8221;_self&#8221; alt=&#8221;&#8221; \/][fusion_image image=&#8221;https:\/\/apartments.topline.si\/wp-content\/uploads\/2018\/05\/14-bathroom-400&#215;533.jpg&#8221; image_id=&#8221;&#8221; link=&#8221;&#8221; linktarget=&#8221;_self&#8221; alt=&#8221;&#8221; \/][fusion_image image=&#8221;https:\/\/apartments.topline.si\/wp-content\/uploads\/2018\/05\/15-bathroom-1-400&#215;300.jpg&#8221; image_id=&#8221;&#8221; link=&#8221;&#8221; linktarget=&#8221;_self&#8221; alt=&#8221;&#8221; \/][fusion_image image=&#8221;https:\/\/apartments.topline.si\/wp-content\/uploads\/2018\/05\/15-bathroom-400&#215;300.jpg&#8221; image_id=&#8221;&#8221; link=&#8221;&#8221; linktarget=&#8221;_self&#8221; alt=&#8221;&#8221; \/][\/fusion_images][fusion_text]<\/p>\n<p>Majhna, dvonadstropna hi\u0161a se nahaja v srcu Pirana, samo par metrov od Prvomajskega trga. V stavbi z lastnim vhodom so trije apartmaji, vsak na svojem nadstropju. Lokacija v sredi\u0161\u010du mesta je idealna za raziskovanje ozkih ulic, majhnih bar\u010dkov ter odkrivanje \u010darobnosti tega starega mesta, saj je vse oddaljeno le kratek sprehod od vhodnih vrat.<\/p>\n<p>[\/fusion_text][fusion_text columns=&#8221;&#8221; column_min_width=&#8221;&#8221; column_spacing=&#8221;&#8221; rule_style=&#8221;default&#8221; rule_size=&#8221;&#8221; rule_color=&#8221;&#8221; hide_on_mobile=&#8221;small-visibility,medium-visibility,large-visibility&#8221; class=&#8221;&#8221; id=&#8221;&#8221; animation_type=&#8221;&#8221; animation_direction=&#8221;left&#8221; animation_speed=&#8221;0.3&#8243; animation_offset=&#8221;&#8221;]<\/p>\n<p>Udobni apartmaji velikosti 36m2 omogo\u010dajo udobno bivanje \u0161tirim osebam. V spalnici sta 2 lo\u010deni postelji, kateri se da zdru\u017eiti v eno zakonsko posteljo. V dnevni sobi je udobna sede\u017ena garnitura, katero se lahko spremeni v le\u017ei\u0161\u010de za 2 osebi. Vsak apartma ima:<\/p>\n<ul>\n<li>lastni vhod<\/li>\n<li>1 spalnico z lo\u010denimi le\u017ei\u0161\u010di (80 cm x 200 cm), katero se lahko zdru\u017ei v zakonsko posteljo (160 cm x 200 cm)<\/li>\n<li>1 kopalnico s tu\u0161 kabino, strani\u0161\u010dem in umivalnikom<\/li>\n<li>dnevno sobo z:\n<ul>\n<li>popolnoma opremljeno kuhinjo<\/li>\n<li>jedilno mizo z 4-imi stoli<\/li>\n<li>sede\u017ena garnitura<\/li>\n<li>LCD TV<\/li>\n<\/ul>\n<\/li>\n<\/ul>\n<p>Vsi aparmtaji so opremljeni z:<\/p>\n<ul>\n<li>posteljnino za vse prijavljene goste<\/li>\n<li>brisa\u010de (1 velika, 1 srednja, 1 majhna)<\/li>\n<li>WC papir<\/li>\n<li>nova okna, s katerimi smo mo\u010dno zni\u017eali hrup iz ulice<\/li>\n<li>klimatsko napravo<\/li>\n<\/ul>\n<p>[\/fusion_text][\/fusion_builder_column][fusion_builder_column type=&#8221;2_3&#8243; layout=&#8221;1_2&#8243; spacing=&#8221;&#8221; center_content=&#8221;no&#8221; link=&#8221;&#8221; target=&#8221;_self&#8221; min_height=&#8221;&#8221; hide_on_mobile=&#8221;small-visibility,medium-visibility,large-visibility&#8221; class=&#8221;&#8221; id=&#8221;&#8221; background_color=&#8221;&#8221; background_image=&#8221;&#8221; background_position=&#8221;left top&#8221; background_repeat=&#8221;no-repeat&#8221; hover_type=&#8221;none&#8221; border_size=&#8221;0&#8243; border_color=&#8221;&#8221; border_style=&#8221;solid&#8221; border_position=&#8221;all&#8221; padding_top=&#8221;&#8221; padding_right=&#8221;&#8221; padding_bottom=&#8221;&#8221; padding_left=&#8221;&#8221; margin_top=&#8221;&#8221; margin_bottom=&#8221;&#8221; animation_type=&#8221;&#8221; animation_direction=&#8221;left&#8221; animation_speed=&#8221;0.3&#8243; animation_offset=&#8221;&#8221; last=&#8221;no&#8221;][fusion_text columns=&#8221;&#8221; column_min_width=&#8221;&#8221; column_spacing=&#8221;&#8221; rule_style=&#8221;default&#8221; rule_size=&#8221;&#8221; rule_color=&#8221;&#8221; hide_on_mobile=&#8221;small-visibility,medium-visibility,large-visibility&#8221; class=&#8221;&#8221; id=&#8221;&#8221; animation_type=&#8221;&#8221; animation_direction=&#8221;left&#8221; animation_speed=&#8221;0.3&#8243; animation_offset=&#8221;&#8221;]<\/p>\n<p style=\"text-align: left;\">Apartmaji se nahajajo:<\/p>\n<ul>\n<li>25 m od Prvomajskega trga (starega glavnega trga v mestu)<\/li>\n<li>25 m od majhnega marketa, kateri je odprt vsak dan med 09:00 in 21:00<\/li>\n<li>50 m od samopostre\u017ene pralnice perila<\/li>\n<li>100 m od ju\u017ene mestne pla\u017ee<\/li>\n<li>120 m od severne mestne pla\u017ee<\/li>\n<li>blizu \u0161tevilnih restavracij<\/li>\n<li>300 m od glavnega trga &#8211; Tartinijevega trga<\/li>\n<\/ul>\n<p>[\/fusion_text][fusion_text]<\/p>\n<h3 style=\"text-align: left;\"><span style=\"color: #808080;\"><strong>Dnevna soba:<\/strong><\/span><\/h3>\n<p>[\/fusion_text][fusion_gallery layout=&#8221;&#8221; picture_size=&#8221;fixed&#8221; columns=&#8221;&#8221; column_spacing=&#8221;10&#8243; hover_type=&#8221;&#8221; lightbox=&#8221;yes&#8221; lightbox_content=&#8221;&#8221; hide_on_mobile=&#8221;small-visibility,medium-visibility,large-visibility&#8221; class=&#8221;&#8221; id=&#8221;&#8221;][fusion_gallery_image image=&#8221;&#8221; image_id=&#8221;465&#8243; \/][fusion_gallery_image image=&#8221;&#8221; image_id=&#8221;458&#8243; \/][fusion_gallery_image image=&#8221;&#8221; image_id=&#8221;451&#8243; \/][\/fusion_gallery][fusion_text]<\/p>\n<h3 style=\"text-align: left;\"><span style=\"color: #808080;\"><strong>Spalnica:<\/strong><\/span><\/h3>\n<p>[\/fusion_text][fusion_gallery layout=&#8221;&#8221; picture_size=&#8221;fixed&#8221; columns=&#8221;3&#8243; column_spacing=&#8221;10&#8243; hover_type=&#8221;&#8221; lightbox=&#8221;yes&#8221; lightbox_content=&#8221;&#8221; hide_on_mobile=&#8221;small-visibility,medium-visibility,large-visibility&#8221; class=&#8221;&#8221; id=&#8221;&#8221;][fusion_gallery_image image=&#8221;&#8221; image_id=&#8221;500&#8243; \/][fusion_gallery_image image=&#8221;&#8221; image_id=&#8221;493&#8243; \/][fusion_gallery_image image=&#8221;&#8221; image_id=&#8221;486&#8243; \/][\/fusion_gallery][fusion_text]<\/p>\n<h3 style=\"text-align: left;\"><span style=\"color: #808080;\"><strong>Kopalnica:<\/strong><\/span><\/h3>\n<p>[\/fusion_text][fusion_gallery layout=&#8221;&#8221; picture_size=&#8221;fixed&#8221; columns=&#8221;3&#8243; column_spacing=&#8221;10&#8243; hover_type=&#8221;&#8221; lightbox=&#8221;yes&#8221; lightbox_content=&#8221;&#8221; hide_on_mobile=&#8221;small-visibility,medium-visibility,large-visibility&#8221; class=&#8221;&#8221; id=&#8221;&#8221;][fusion_gallery_image image=&#8221;&#8221; image_id=&#8221;444&#8243; \/][fusion_gallery_image image=&#8221;&#8221; image_id=&#8221;581&#8243; \/][\/fusion_gallery][\/fusion_builder_column][fusion_builder_column type=&#8221;1_3&#8243; layout=&#8221;1_2&#8243; spacing=&#8221;&#8221; center_content=&#8221;no&#8221; link=&#8221;&#8221; target=&#8221;_self&#8221; min_height=&#8221;&#8221; hide_on_mobile=&#8221;small-visibility,medium-visibility,large-visibility&#8221; class=&#8221;&#8221; id=&#8221;&#8221; background_color=&#8221;&#8221; background_image=&#8221;&#8221; background_position=&#8221;left top&#8221; background_repeat=&#8221;no-repeat&#8221; hover_type=&#8221;none&#8221; border_size=&#8221;0&#8243; border_color=&#8221;&#8221; border_style=&#8221;solid&#8221; border_position=&#8221;all&#8221; padding_top=&#8221;&#8221; padding_right=&#8221;&#8221; padding_bottom=&#8221;&#8221; padding_left=&#8221;&#8221; margin_top=&#8221;&#8221; margin_bottom=&#8221;&#8221; animation_type=&#8221;&#8221; animation_direction=&#8221;left&#8221; animation_speed=&#8221;0.3&#8243; animation_offset=&#8221;&#8221; last=&#8221;no&#8221;][fusion_title margin_top=&#8221;&#8221; margin_bottom=&#8221;&#8221; hide_on_mobile=&#8221;small-visibility,medium-visibility,large-visibility&#8221; class=&#8221;&#8221; id=&#8221;&#8221; size=&#8221;2&#8243; content_align=&#8221;left&#8221; style_type=&#8221;none&#8221; sep_color=&#8221;&#8221;]<\/p>\n<p>Amenities<\/p>\n<p>[\/fusion_title][fusion_checklist icon=&#8221;fa-home fas&#8221; iconcolor=&#8221;&#8221; circle=&#8221;&#8221; circlecolor=&#8221;&#8221; size=&#8221;13px&#8221; divider=&#8221;&#8221; divider_color=&#8221;&#8221; hide_on_mobile=&#8221;small-visibility,medium-visibility,large-visibility&#8221; class=&#8221;&#8221; id=&#8221;&#8221;][fusion_li_item icon=&#8221;fa-wifi&#8221;]<\/p>\n<p>WiFi<\/p>\n<p>[\/fusion_li_item][fusion_li_item icon=&#8221;fa-television&#8221;]<\/p>\n<p>TV<\/p>\n<p>[\/fusion_li_item][fusion_li_item icon=&#8221;fa-glass&#8221;]<\/p>\n<p>Opremljena kuhinja<\/p>\n<p>[\/fusion_li_item][fusion_li_item icon=&#8221;fa-home&#8221;]<\/p>\n<p>Zasebni vhod<\/p>\n<p>[\/fusion_li_item][fusion_li_item icon=&#8221;fa-asterisk fas&#8221;]<\/p>\n<p>Klima<\/p>\n<p>[\/fusion_li_item][\/fusion_checklist][fusion_text columns=&#8221;&#8221; column_min_width=&#8221;&#8221; column_spacing=&#8221;&#8221; rule_style=&#8221;default&#8221; rule_size=&#8221;&#8221; rule_color=&#8221;&#8221; hide_on_mobile=&#8221;small-visibility,medium-visibility,large-visibility&#8221; class=&#8221;&#8221; id=&#8221;&#8221; animation_type=&#8221;&#8221; animation_direction=&#8221;left&#8221; animation_speed=&#8221;0.3&#8243; animation_offset=&#8221;&#8221;]<\/p>\n<p>Z rezervacijo namestitve Vam nudimo tudi 15% popust na redno ceno enodnevnega izleta v Benetke s katamaranom San Frangisk iz Pirana vsako soboto med 01.05 ter 03.10.2020. Ve\u010d informacij na <a href=\"http:\/\/www.benetke.com\">Benetke.com<\/a>. Prijavite se na email: rezervacije@benetke.com.<\/p>\n<p>[\/fusion_text][\/fusion_builder_column][\/fusion_builder_row][\/fusion_builder_container]<\/p>\n","protected":false},"excerpt":{"rendered":"<p>[fusion_builder_container hundred_percent=&#8221;no&#8221; equal_height_columns=&#8221;no&#8221; menu_anchor=&#8221;&#8221; hide_on_mobile=&#8221;small-visibility,medium-visibility,large-visibility&#8221; class=&#8221;&#8221; id=&#8221;&#8221; background_color=&#8221;&#8221; background_image=&#8221;&#8221; background_position=&#8221;center [&hellip;]<\/p>\n","protected":false},"author":1,"featured_media":0,"parent":0,"menu_order":0,"comment_status":"closed","ping_status":"closed","template":"","meta":{"footnotes":""},"class_list":["post-149","page","type-page","status-publish","hentry"],"_links":{"self":[{"href":"https:\/\/apartments.topline.si\/sl\/wp-json\/wp\/v2\/pages\/149"}],"collection":[{"href":"https:\/\/apartments.topline.si\/sl\/wp-json\/wp\/v2\/pages"}],"about":[{"href":"https:\/\/apartments.topline.si\/sl\/wp-json\/wp\/v2\/types\/page"}],"author":[{"embeddable":true,"href":"https:\/\/apartments.topline.si\/sl\/wp-json\/wp\/v2\/users\/1"}],"replies":[{"embeddable":true,"href":"https:\/\/apartments.topline.si\/sl\/wp-json\/wp\/v2\/comments?post=149"}],"version-history":[{"count":11,"href":"https:\/\/apartments.topline.si\/sl\/wp-json\/wp\/v2\/pages\/149\/revisions"}],"predecessor-version":[{"id":931,"href":"https:\/\/apartments.topline.si\/sl\/wp-json\/wp\/v2\/pages\/149\/revisions\/931"}],"wp:attachment":[{"href":"https:\/\/apartments.topline.si\/sl\/wp-json\/wp\/v2\/media?parent=149"}],"curies":[{"name":"wp","href":"https:\/\/api.w.org\/{rel}","templated":true}]}}