{"id":836,"date":"2018-01-17T15:05:32","date_gmt":"2018-01-17T14:05:32","guid":{"rendered":"https:\/\/apartments.topline.si\/apartments\/"},"modified":"2020-02-08T23:32:41","modified_gmt":"2020-02-08T22:32:41","slug":"apartments","status":"publish","type":"page","link":"https:\/\/apartments.topline.si\/de\/apartments\/","title":{"rendered":"Apartments"},"content":{"rendered":"<p>[fusion_builder_container hundred_percent=&#8220;no&#8220; equal_height_columns=&#8220;no&#8220; menu_anchor=&#8220;&#8220; hide_on_mobile=&#8220;small-visibility,medium-visibility,large-visibility&#8220; class=&#8220;&#8220; id=&#8220;&#8220; background_color=&#8220;&#8220; background_image=&#8220;&#8220; background_position=&#8220;center center&#8220; background_repeat=&#8220;no-repeat&#8220; fade=&#8220;no&#8220; background_parallax=&#8220;none&#8220; parallax_speed=&#8220;0.3&#8243; video_mp4=&#8220;&#8220; video_webm=&#8220;&#8220; video_ogv=&#8220;&#8220; video_url=&#8220;&#8220; video_aspect_ratio=&#8220;16:9&#8243; video_loop=&#8220;yes&#8220; video_mute=&#8220;yes&#8220; overlay_color=&#8220;&#8220; video_preview_image=&#8220;&#8220; border_size=&#8220;&#8220; border_color=&#8220;&#8220; border_style=&#8220;solid&#8220; padding_top=&#8220;&#8220; padding_bottom=&#8220;&#8220; padding_left=&#8220;&#8220; padding_right=&#8220;&#8220;][fusion_builder_row][fusion_builder_column type=&#8220;1_1&#8243; layout=&#8220;1_1&#8243; background_position=&#8220;left top&#8220; background_color=&#8220;&#8220; border_size=&#8220;&#8220; border_color=&#8220;&#8220; border_style=&#8220;solid&#8220; border_position=&#8220;all&#8220; spacing=&#8220;yes&#8220; background_image=&#8220;&#8220; background_repeat=&#8220;no-repeat&#8220; padding_top=&#8220;&#8220; padding_right=&#8220;&#8220; padding_bottom=&#8220;&#8220; padding_left=&#8220;&#8220; margin_top=&#8220;0px&#8220; margin_bottom=&#8220;0px&#8220; class=&#8220;&#8220; id=&#8220;&#8220; animation_type=&#8220;&#8220; animation_speed=&#8220;0.3&#8243; animation_direction=&#8220;left&#8220; hide_on_mobile=&#8220;small-visibility,medium-visibility,large-visibility&#8220; center_content=&#8220;no&#8220; last=&#8220;no&#8220; min_height=&#8220;&#8220; hover_type=&#8220;none&#8220; link=&#8220;&#8220;][fusion_images picture_size=&#8220;fixed&#8220; hover_type=&#8220;liftup&#8220; autoplay=&#8220;yes&#8220; columns=&#8220;3&#8243; column_spacing=&#8220;13&#8243; scroll_items=&#8220;&#8220; show_nav=&#8220;yes&#8220; mouse_scroll=&#8220;no&#8220; border=&#8220;yes&#8220; lightbox=&#8220;no&#8220; hide_on_mobile=&#8220;small-visibility,medium-visibility,large-visibility&#8220; class=&#8220;&#8220; id=&#8220;&#8220;][fusion_image image=&#8220;https:\/\/apartments.topline.si\/wp-content\/uploads\/2018\/05\/TopLineApartma_Zunaj-1-of-2-400&#215;600.jpg&#8220; image_id=&#8220;&#8220; link=&#8220;&#8220; linktarget=&#8220;_self&#8220; alt=&#8220;&#8220; \/][fusion_image image=&#8220;https:\/\/apartments.topline.si\/wp-content\/uploads\/2018\/05\/13-hall-1-400&#215;300.jpg&#8220; image_id=&#8220;&#8220; link=&#8220;&#8220; linktarget=&#8220;_self&#8220; alt=&#8220;&#8220; \/][fusion_image image=&#8220;https:\/\/apartments.topline.si\/wp-content\/uploads\/2018\/05\/01-living-2-400&#215;300.jpg&#8220; image_id=&#8220;&#8220; link=&#8220;&#8220; linktarget=&#8220;_self&#8220; alt=&#8220;&#8220; \/][fusion_image image=&#8220;https:\/\/apartments.topline.si\/wp-content\/uploads\/2018\/05\/02-living-1-400&#215;300.jpg&#8220; image_id=&#8220;&#8220; link=&#8220;&#8220; linktarget=&#8220;_self&#8220; alt=&#8220;&#8220; \/][fusion_image image=&#8220;https:\/\/apartments.topline.si\/wp-content\/uploads\/2018\/05\/05-kitchen-1-400&#215;300.jpg&#8220; image_id=&#8220;&#8220; link=&#8220;&#8220; linktarget=&#8220;_self&#8220; alt=&#8220;&#8220; \/][fusion_image image=&#8220;https:\/\/apartments.topline.si\/wp-content\/uploads\/2018\/05\/04-kitchen-1-400&#215;300.jpg&#8220; image_id=&#8220;&#8220; link=&#8220;&#8220; linktarget=&#8220;_self&#8220; alt=&#8220;&#8220; \/][fusion_image image=&#8220;https:\/\/apartments.topline.si\/wp-content\/uploads\/2018\/05\/03-kitchen-1-400&#215;300.jpg&#8220; image_id=&#8220;&#8220; link=&#8220;&#8220; linktarget=&#8220;_self&#8220; alt=&#8220;&#8220; \/][fusion_image image=&#8220;https:\/\/apartments.topline.si\/wp-content\/uploads\/2018\/05\/11-bedroom-1-400&#215;300.jpg&#8220; image_id=&#8220;&#8220; link=&#8220;&#8220; linktarget=&#8220;_self&#8220; alt=&#8220;&#8220; \/][fusion_image image=&#8220;https:\/\/apartments.topline.si\/wp-content\/uploads\/2018\/05\/10-bedroom-1-400&#215;300.jpg&#8220; image_id=&#8220;&#8220; link=&#8220;&#8220; linktarget=&#8220;_self&#8220; alt=&#8220;&#8220; \/][fusion_image image=&#8220;https:\/\/apartments.topline.si\/wp-content\/uploads\/2018\/05\/09-bedroom-1-400&#215;300.jpg&#8220; image_id=&#8220;&#8220; link=&#8220;&#8220; linktarget=&#8220;_self&#8220; alt=&#8220;&#8220; \/][fusion_image image=&#8220;https:\/\/apartments.topline.si\/wp-content\/uploads\/2018\/05\/14-bathroom-400&#215;533.jpg&#8220; image_id=&#8220;&#8220; link=&#8220;&#8220; linktarget=&#8220;_self&#8220; alt=&#8220;&#8220; \/][fusion_image image=&#8220;https:\/\/apartments.topline.si\/wp-content\/uploads\/2018\/05\/15-bathroom-1-400&#215;300.jpg&#8220; image_id=&#8220;&#8220; link=&#8220;&#8220; linktarget=&#8220;_self&#8220; alt=&#8220;&#8220; \/][fusion_image image=&#8220;https:\/\/apartments.topline.si\/wp-content\/uploads\/2018\/05\/15-bathroom-400&#215;300.jpg&#8220; image_id=&#8220;&#8220; link=&#8220;&#8220; linktarget=&#8220;_self&#8220; alt=&#8220;&#8220; \/][\/fusion_images][fusion_text]<\/p>\n<p style=\"text-align: left;\">Das kleine, zweist\u00f6ckige, Aparthaus liegt im Herzen der Altstadt von Piran, nur ein paar Meter entfernt von dem Platz des 1. Mais. Tas Haus beherbergt drei Appartements, jedes auf einem eigenen Stockwerk. Die tolle Lage in der Altstadt erm\u00f6glicht es Ihnen diese vollkommen zu entdecken. Der komplette Zauber der engen Gassen, der kleinen Baars und anderer Geheimnisse dieser Mittelalterlichen Siedlung liegen Ihnen direkt vor der Haust\u00fcr.<\/p>\n<p>[\/fusion_text][fusion_text]<\/p>\n<p>Jedes Apartment ist 36m2 gro\u00df und sehr komfortabel f\u00fcr bis zu 4 Personen., wobei 2 im Schlafzimmer und die anderen 2 im Wohnzimmer schlaffen k\u00f6nnen.\u00a0Jedes Apartment hat einen eigenen:<\/p>\n<p>n privates<\/p>\n<ul>\n<li>Privaten Eingang<\/li>\n<li>Ein Schlafzimmer mit 2 getrenten Betten (80cm x 200cm), die man auch als ein Ehebett nutzen kann (160cm x 200cm)<\/li>\n<li>Ein privates Bad mit Dusche, Toilette und WaschbeckenWohnzimmer<\/li>\n<li>Voll ausgestattete K\u00fcche<\/li>\n<li>Esstisch mit 4 St\u00fchlen<\/li>\n<li>Schlafkautsch f\u00fcr 2 Personen<\/li>\n<li>LCD TV<\/li>\n<\/ul>\n<p>Die Apartments sind voll ausger\u00fcstet mit:<\/p>\n<ul>\n<li>Bettw\u00e4sche,<\/li>\n<li>Handt\u00fcchern,<\/li>\n<li>Toiletten Papier,<\/li>\n<li>Neue L\u00e4rmundurchl\u00e4ssige Fenster<\/li>\n<\/ul>\n<p>[\/fusion_text][\/fusion_builder_column][fusion_builder_column type=&#8220;2_3&#8243; layout=&#8220;1_2&#8243; spacing=&#8220;&#8220; center_content=&#8220;no&#8220; link=&#8220;&#8220; target=&#8220;_self&#8220; min_height=&#8220;&#8220; hide_on_mobile=&#8220;small-visibility,medium-visibility,large-visibility&#8220; class=&#8220;&#8220; id=&#8220;&#8220; background_color=&#8220;&#8220; background_image=&#8220;&#8220; background_position=&#8220;left top&#8220; background_repeat=&#8220;no-repeat&#8220; hover_type=&#8220;none&#8220; border_size=&#8220;0&#8243; border_color=&#8220;&#8220; border_style=&#8220;solid&#8220; border_position=&#8220;all&#8220; padding_top=&#8220;&#8220; padding_right=&#8220;&#8220; padding_bottom=&#8220;&#8220; padding_left=&#8220;&#8220; margin_top=&#8220;&#8220; margin_bottom=&#8220;&#8220; animation_type=&#8220;&#8220; animation_direction=&#8220;left&#8220; animation_speed=&#8220;0.3&#8243; animation_offset=&#8220;&#8220; last=&#8220;no&#8220;][fusion_text]<\/p>\n<p>Die Apartments befinden sich:<\/p>\n<ul>\n<li>25m von dem \u00e4ltesten Hauptplatz der Stadt (1.Mai Platz)<\/li>\n<li>25m von einen kleinen aber gut ausgestatteten Supermarkt<\/li>\n<li>50m von dem lokalen selbst Service W\u00e4schesalon<\/li>\n<li>100m von dem s\u00fcdlichen Strand<\/li>\n<li>120m vom n\u00f6rdlichen Strand<\/li>\n<li>Viele Restaurants in der unmittelbaren N\u00e4he<\/li>\n<li>300m vom heutigen Hauptplatz (Tartini)<\/li>\n<\/ul>\n<p>[\/fusion_text][fusion_text]<\/p>\n<h3 style=\"text-align: left;\"><span style=\"color: #808080;\"><strong>Wohnzimmer:<\/strong><\/span><\/h3>\n<p>[\/fusion_text][fusion_gallery layout=&#8220;&#8220; picture_size=&#8220;fixed&#8220; columns=&#8220;&#8220; column_spacing=&#8220;10&#8243; hover_type=&#8220;&#8220; lightbox=&#8220;yes&#8220; lightbox_content=&#8220;&#8220; hide_on_mobile=&#8220;small-visibility,medium-visibility,large-visibility&#8220; class=&#8220;&#8220; id=&#8220;&#8220;][fusion_gallery_image image=&#8220;&#8220; image_id=&#8220;465&#8243; \/][fusion_gallery_image image=&#8220;&#8220; image_id=&#8220;458&#8243; \/][fusion_gallery_image image=&#8220;&#8220; image_id=&#8220;451&#8243; \/][\/fusion_gallery][fusion_text]<\/p>\n<h3 style=\"text-align: left;\"><span style=\"color: #808080;\"><strong>Schlafzimmer:<\/strong><\/span><\/h3>\n<p>[\/fusion_text][fusion_gallery layout=&#8220;&#8220; picture_size=&#8220;fixed&#8220; columns=&#8220;3&#8243; column_spacing=&#8220;10&#8243; hover_type=&#8220;&#8220; lightbox=&#8220;yes&#8220; lightbox_content=&#8220;&#8220; hide_on_mobile=&#8220;small-visibility,medium-visibility,large-visibility&#8220; class=&#8220;&#8220; id=&#8220;&#8220;][fusion_gallery_image image=&#8220;&#8220; image_id=&#8220;500&#8243; \/][fusion_gallery_image image=&#8220;&#8220; image_id=&#8220;493&#8243; \/][fusion_gallery_image image=&#8220;&#8220; image_id=&#8220;486&#8243; \/][\/fusion_gallery][fusion_text]<\/p>\n<h3 style=\"text-align: left;\"><span style=\"color: #808080;\"><strong>Badezimmer:<\/strong><\/span><\/h3>\n<p>[\/fusion_text][fusion_gallery layout=&#8220;&#8220; picture_size=&#8220;fixed&#8220; columns=&#8220;3&#8243; column_spacing=&#8220;10&#8243; hover_type=&#8220;&#8220; lightbox=&#8220;yes&#8220; lightbox_content=&#8220;&#8220; hide_on_mobile=&#8220;small-visibility,medium-visibility,large-visibility&#8220; class=&#8220;&#8220; id=&#8220;&#8220;][fusion_gallery_image image=&#8220;&#8220; image_id=&#8220;444&#8243; \/][fusion_gallery_image image=&#8220;&#8220; image_id=&#8220;581&#8243; \/][\/fusion_gallery][\/fusion_builder_column][fusion_builder_column type=&#8220;1_3&#8243; layout=&#8220;1_2&#8243; spacing=&#8220;&#8220; center_content=&#8220;no&#8220; link=&#8220;&#8220; target=&#8220;_self&#8220; min_height=&#8220;&#8220; hide_on_mobile=&#8220;small-visibility,medium-visibility,large-visibility&#8220; class=&#8220;&#8220; id=&#8220;&#8220; background_color=&#8220;&#8220; background_image=&#8220;&#8220; background_position=&#8220;left top&#8220; background_repeat=&#8220;no-repeat&#8220; hover_type=&#8220;none&#8220; border_size=&#8220;0&#8243; border_color=&#8220;&#8220; border_style=&#8220;solid&#8220; border_position=&#8220;all&#8220; padding_top=&#8220;&#8220; padding_right=&#8220;&#8220; padding_bottom=&#8220;&#8220; padding_left=&#8220;&#8220; margin_top=&#8220;&#8220; margin_bottom=&#8220;&#8220; animation_type=&#8220;&#8220; animation_direction=&#8220;left&#8220; animation_speed=&#8220;0.3&#8243; animation_offset=&#8220;&#8220; last=&#8220;no&#8220;][fusion_title margin_top=&#8220;&#8220; margin_bottom=&#8220;&#8220; hide_on_mobile=&#8220;small-visibility,medium-visibility,large-visibility&#8220; class=&#8220;&#8220; id=&#8220;&#8220; size=&#8220;2&#8243; content_align=&#8220;left&#8220; style_type=&#8220;none&#8220; sep_color=&#8220;&#8220;]<\/p>\n<p>Amenities<\/p>\n<p>[\/fusion_title][fusion_checklist icon=&#8220;fa-home fas&#8220; iconcolor=&#8220;&#8220; circle=&#8220;&#8220; circlecolor=&#8220;&#8220; size=&#8220;13px&#8220; divider=&#8220;&#8220; divider_color=&#8220;&#8220; hide_on_mobile=&#8220;small-visibility,medium-visibility,large-visibility&#8220; class=&#8220;&#8220; id=&#8220;&#8220;][fusion_li_item icon=&#8220;fa-wifi&#8220;]<\/p>\n<p>WiFi<\/p>\n<p>[\/fusion_li_item][fusion_li_item icon=&#8220;fa-television&#8220;]<\/p>\n<p>Fernseher<\/p>\n<p>[\/fusion_li_item][fusion_li_item icon=&#8220;fa-glass&#8220;]<\/p>\n<p>Vollauger\u00fcstete K\u00fcche<\/p>\n<p>[\/fusion_li_item][fusion_li_item icon=&#8220;fa-home&#8220;]<\/p>\n<p>Eigener Eingang<\/p>\n<p>[\/fusion_li_item][fusion_li_item icon=&#8220;fa-asterisk fas&#8220;]<\/p>\n<p>Klimaanlage<\/p>\n<p>[\/fusion_li_item][\/fusion_checklist][fusion_text columns=&#8220;&#8220; column_min_width=&#8220;&#8220; column_spacing=&#8220;&#8220; rule_style=&#8220;default&#8220; rule_size=&#8220;&#8220; rule_color=&#8220;&#8220; hide_on_mobile=&#8220;small-visibility,medium-visibility,large-visibility&#8220; class=&#8220;&#8220; id=&#8220;&#8220; animation_type=&#8220;&#8220; animation_direction=&#8220;left&#8220; animation_speed=&#8220;0.3&#8243; animation_offset=&#8220;&#8220;]<\/p>\n<p>Bei der Buchung eines unserer Apartments bekommen alle G\u00e4ste ein Discount von 15% auf unsere Exkursionen nach Venedig mit dem Schiff \u201eSan Frangisk\u201c, die jeden Samstag, zwischen dem 01.05 und 03.10.2020. aus Piran starten. Senden Sie uns einfach eine Email an <a href=\"mailto:rezervacije@benetke.com\">rezervacije@benetke.com<\/a><\/p>\n<p>[\/fusion_text][\/fusion_builder_column][\/fusion_builder_row][\/fusion_builder_container]<\/p>\n","protected":false},"excerpt":{"rendered":"<p>[fusion_builder_container hundred_percent=&#8220;no&#8220; equal_height_columns=&#8220;no&#8220; menu_anchor=&#8220;&#8220; hide_on_mobile=&#8220;small-visibility,medium-visibility,large-visibility&#8220; class=&#8220;&#8220; id=&#8220;&#8220; background_color=&#8220;&#8220; background_image=&#8220;&#8220; background_position=&#8220;center [&hellip;]<\/p>\n","protected":false},"author":1,"featured_media":0,"parent":0,"menu_order":0,"comment_status":"closed","ping_status":"closed","template":"","meta":{"footnotes":""},"class_list":["post-836","page","type-page","status-publish","hentry"],"_links":{"self":[{"href":"https:\/\/apartments.topline.si\/de\/wp-json\/wp\/v2\/pages\/836"}],"collection":[{"href":"https:\/\/apartments.topline.si\/de\/wp-json\/wp\/v2\/pages"}],"about":[{"href":"https:\/\/apartments.topline.si\/de\/wp-json\/wp\/v2\/types\/page"}],"author":[{"embeddable":true,"href":"https:\/\/apartments.topline.si\/de\/wp-json\/wp\/v2\/users\/1"}],"replies":[{"embeddable":true,"href":"https:\/\/apartments.topline.si\/de\/wp-json\/wp\/v2\/comments?post=836"}],"version-history":[{"count":6,"href":"https:\/\/apartments.topline.si\/de\/wp-json\/wp\/v2\/pages\/836\/revisions"}],"predecessor-version":[{"id":916,"href":"https:\/\/apartments.topline.si\/de\/wp-json\/wp\/v2\/pages\/836\/revisions\/916"}],"wp:attachment":[{"href":"https:\/\/apartments.topline.si\/de\/wp-json\/wp\/v2\/media?parent=836"}],"curies":[{"name":"wp","href":"https:\/\/api.w.org\/{rel}","templated":true}]}}